{"id":205,"date":"2019-11-18T18:40:21","date_gmt":"2019-11-18T18:40:21","guid":{"rendered":"http:\/\/iotsensors.dk\/?page_id=205"},"modified":"2020-10-09T14:15:33","modified_gmt":"2020-10-09T13:15:33","slug":"consulting-services","status":"publish","type":"page","link":"https:\/\/iotsensors.dk\/de\/consulting-services\/","title":{"rendered":"Consultancy Service"},"content":{"rendered":"<div data-elementor-type=\"wp-page\" data-elementor-id=\"205\" class=\"elementor elementor-205\">\n\t\t\t\t\t\t<section data-eae-particle=\"{  &quot;particles&quot;: {    &quot;number&quot;: {      &quot;value&quot;: 70,      &quot;density&quot;: {        &quot;enable&quot;: true,        &quot;value_area&quot;: 1500      }    },    &quot;color&quot;: {      &quot;value&quot;: &quot;#ffffff&quot;    },    &quot;shape&quot;: {      &quot;type&quot;: &quot;circle&quot;,      &quot;stroke&quot;: {        &quot;width&quot;: 0,        &quot;color&quot;: &quot;#000000&quot;      },      &quot;polygon&quot;: {        &quot;nb_sides&quot;: 5      },      &quot;image&quot;: {        &quot;src&quot;: &quot;img\/github.svg&quot;,        &quot;width&quot;: 100,        &quot;height&quot;: 100      }    },    &quot;opacity&quot;: {      &quot;value&quot;: 0.5,      &quot;random&quot;: false,      &quot;anim&quot;: {        &quot;enable&quot;: false,        &quot;speed&quot;: 1,        &quot;opacity_min&quot;: 0.1,        &quot;sync&quot;: false      }    },    &quot;size&quot;: {      &quot;value&quot;: 5,      &quot;random&quot;: true,      &quot;anim&quot;: {        &quot;enable&quot;: false,        &quot;speed&quot;: 40,        &quot;size_min&quot;: 0.1,        &quot;sync&quot;: false      }    },    &quot;line_linked&quot;: {      &quot;enable&quot;: true,      &quot;distance&quot;: 150,      &quot;color&quot;: &quot;#ffffff&quot;,      &quot;opacity&quot;: 0.4,      &quot;width&quot;: 1.5    },    &quot;move&quot;: {      &quot;enable&quot;: true,      &quot;speed&quot;: 3.2,      &quot;direction&quot;: &quot;none&quot;,      &quot;random&quot;: false,      &quot;straight&quot;: false,      &quot;out_mode&quot;: &quot;out&quot;,      &quot;bounce&quot;: false,      &quot;attract&quot;: {        &quot;enable&quot;: false,        &quot;rotateX&quot;: 600,        &quot;rotateY&quot;: 1200      }    }  },  &quot;interactivity&quot;: {    &quot;detect_on&quot;: &quot;canvas&quot;,    &quot;events&quot;: {      &quot;onhover&quot;: {        &quot;enable&quot;: true,        &quot;mode&quot;: &quot;repulse&quot;      },      &quot;onclick&quot;: {        &quot;enable&quot;: true,        &quot;mode&quot;: &quot;push&quot;      },      &quot;resize&quot;: true    },    &quot;modes&quot;: {      &quot;grab&quot;: {        &quot;distance&quot;: 400,        &quot;line_linked&quot;: {          &quot;opacity&quot;: 1        }      },      &quot;bubble&quot;: {        &quot;distance&quot;: 400,        &quot;size&quot;: 40,        &quot;duration&quot;: 2,        &quot;opacity&quot;: 8,        &quot;speed&quot;: 3      },      &quot;repulse&quot;: {        &quot;distance&quot;: 200,        &quot;duration&quot;: 0.4      },      &quot;push&quot;: {        &quot;particles_nb&quot;: 4      },      &quot;remove&quot;: {        &quot;particles_nb&quot;: 2      }    }  },  &quot;retina_detect&quot;: true}\" class=\"has_eae_slider elementor-section elementor-top-section elementor-element elementor-element-49b0c608 elementor-section-height-full eae-particle-yes elementor-section-boxed elementor-section-height-default elementor-section-items-middle\" data-eae-slider=\"91974\" data-id=\"49b0c608\" data-element_type=\"section\" data-e-type=\"section\" data-settings=\"{&quot;background_background&quot;:&quot;classic&quot;}\">\n\t\t\t\t\t\t\t<div class=\"elementor-background-overlay\"><\/div>\n\t\t\t\t\t\t\t<div class=\"elementor-container elementor-column-gap-default\">\n\t\t\t\t\t<div class=\"has_eae_slider elementor-column elementor-col-100 elementor-top-column elementor-element elementor-element-268bde06\" data-eae-slider=\"96081\" data-id=\"268bde06\" data-element_type=\"column\" data-e-type=\"column\">\n\t\t\t<div class=\"elementor-widget-wrap elementor-element-populated\">\n\t\t\t\t\t\t<section class=\"has_eae_slider elementor-section elementor-inner-section elementor-element elementor-element-7be7eb elementor-section-full_width elementor-section-content-middle elementor-section-height-default elementor-section-height-default\" data-eae-slider=\"22100\" data-id=\"7be7eb\" data-element_type=\"section\" data-e-type=\"section\">\n\t\t\t\t\t\t<div class=\"elementor-container elementor-column-gap-default\">\n\t\t\t\t\t<div class=\"has_eae_slider elementor-column elementor-col-50 elementor-inner-column elementor-element elementor-element-185199e0\" data-eae-slider=\"54619\" data-id=\"185199e0\" data-element_type=\"column\" data-e-type=\"column\">\n\t\t\t<div class=\"elementor-widget-wrap elementor-element-populated\">\n\t\t\t\t\t\t<div class=\"elementor-element elementor-element-53caaf52 elementor-widget elementor-widget-heading\" data-id=\"53caaf52\" data-element_type=\"widget\" data-e-type=\"widget\" data-widget_type=\"heading.default\">\n\t\t\t\t<div class=\"elementor-widget-container\">\n\t\t\t\t\t<h1 class=\"elementor-heading-title elementor-size-default\">IoT-Beratungsdienste<\/h1>\t\t\t\t<\/div>\n\t\t\t\t<\/div>\n\t\t\t\t\t<\/div>\n\t\t<\/div>\n\t\t\t\t<div class=\"has_eae_slider elementor-column elementor-col-50 elementor-inner-column elementor-element elementor-element-3c86954\" data-eae-slider=\"47300\" data-id=\"3c86954\" data-element_type=\"column\" data-e-type=\"column\" data-settings=\"{&quot;background_background&quot;:&quot;classic&quot;}\">\n\t\t\t<div class=\"elementor-widget-wrap elementor-element-populated\">\n\t\t\t\t\t\t<div class=\"elementor-element elementor-element-34b8f515 elementor-widget elementor-widget-text-editor\" data-id=\"34b8f515\" data-element_type=\"widget\" data-e-type=\"widget\" data-widget_type=\"text-editor.default\">\n\t\t\t\t<div class=\"elementor-widget-container\">\n\t\t\t\t\t\t\t\t\t<p>Neben unseren eigenen Produkten bieten wir externe Softwareentwicklung im Zusammenhang mit der Implementierung unserer IoT-Produkte \/ -Systeme an. Es kann z.B. in Form von Individual- und Partnerprogrammentwicklung, Logistik und operativer Programmierung, Entwicklung von Partner-Apps oder Anbindung an separate, administrative Plattformen. Kontaktieren Sie uns f\u00fcr weitere Informationen oder um Ihre M\u00f6glichkeiten und W\u00fcnsche zu besprechen.<\/p>\t\t\t\t\t\t\t\t<\/div>\n\t\t\t\t<\/div>\n\t\t\t\t\t<\/div>\n\t\t<\/div>\n\t\t\t\t\t<\/div>\n\t\t<\/section>\n\t\t\t\t\t<\/div>\n\t\t<\/div>\n\t\t\t\t\t<\/div>\n\t\t<\/section>\n\t\t\t\t<\/div>","protected":false},"excerpt":{"rendered":"<p>IoT Consulting Services In addition to our own products, we offer external software development related\u00a0 to the implementation of our IoT products \/ systems. It can e.g. be in the form\u00a0 of individual and affiliate program development, logistics and operational\u00a0 programming setup, development of affiliate app&#8217;s or connection to separate,\u00a0 administrative platforms. Contact us for [&hellip;]<\/p>\n","protected":false},"author":1,"featured_media":0,"parent":0,"menu_order":0,"comment_status":"closed","ping_status":"closed","template":"","meta":{"site-sidebar-layout":"no-sidebar","site-content-layout":"page-builder","ast-site-content-layout":"default","site-content-style":"default","site-sidebar-style":"default","ast-global-header-display":"","ast-banner-title-visibility":"","ast-main-header-display":"","ast-hfb-above-header-display":"","ast-hfb-below-header-display":"","ast-hfb-mobile-header-display":"","site-post-title":"disabled","ast-breadcrumbs-content":"","ast-featured-img":"disabled","footer-sml-layout":"","theme-transparent-header-meta":"default","adv-header-id-meta":"","stick-header-meta":"","header-above-stick-meta":"","header-main-stick-meta":"","header-below-stick-meta":"","astra-migrate-meta-layouts":"default","ast-page-background-enabled":"default","ast-page-background-meta":{"desktop":{"background-color":"","background-image":"","background-repeat":"repeat","background-position":"center center","background-size":"auto","background-attachment":"scroll","background-type":"","background-media":"","overlay-type":"","overlay-color":"","overlay-opacity":"","overlay-gradient":""},"tablet":{"background-color":"","background-image":"","background-repeat":"repeat","background-position":"center center","background-size":"auto","background-attachment":"scroll","background-type":"","background-media":"","overlay-type":"","overlay-color":"","overlay-opacity":"","overlay-gradient":""},"mobile":{"background-color":"","background-image":"","background-repeat":"repeat","background-position":"center center","background-size":"auto","background-attachment":"scroll","background-type":"","background-media":"","overlay-type":"","overlay-color":"","overlay-opacity":"","overlay-gradient":""}},"ast-content-background-meta":{"desktop":{"background-color":"var(--ast-global-color-5)","background-image":"","background-repeat":"repeat","background-position":"center center","background-size":"auto","background-attachment":"scroll","background-type":"","background-media":"","overlay-type":"","overlay-color":"","overlay-opacity":"","overlay-gradient":""},"tablet":{"background-color":"var(--ast-global-color-5)","background-image":"","background-repeat":"repeat","background-position":"center center","background-size":"auto","background-attachment":"scroll","background-type":"","background-media":"","overlay-type":"","overlay-color":"","overlay-opacity":"","overlay-gradient":""},"mobile":{"background-color":"var(--ast-global-color-5)","background-image":"","background-repeat":"repeat","background-position":"center center","background-size":"auto","background-attachment":"scroll","background-type":"","background-media":"","overlay-type":"","overlay-color":"","overlay-opacity":"","overlay-gradient":""}},"footnotes":""},"class_list":["post-205","page","type-page","status-publish","hentry"],"yoast_head":"<!-- This site is optimized with the Yoast SEO plugin v27.6 - https:\/\/yoast.com\/product\/yoast-seo-wordpress\/ -->\n<title>IoT Consulting Services | IoT Strategy Consultants In Denmark<\/title>\n<meta name=\"description\" content=\"Our IoT Consulting services helps you implement IoT products and systems for commercial and industrial use. Call us at +45 31 31 00 99.\" \/>\n<meta name=\"robots\" content=\"index, follow, max-snippet:-1, max-image-preview:large, max-video-preview:-1\" \/>\n<link rel=\"canonical\" href=\"https:\/\/iotsensors.dk\/de\/consulting-services\/\" \/>\n<meta property=\"og:locale\" content=\"de_DE\" \/>\n<meta property=\"og:type\" content=\"article\" \/>\n<meta property=\"og:title\" content=\"IoT Consulting Services | IoT Strategy Consultants In Denmark\" \/>\n<meta property=\"og:description\" content=\"Our IoT Consulting services helps you implement IoT products and systems for commercial and industrial use. Call us at +45 31 31 00 99.\" \/>\n<meta property=\"og:url\" content=\"https:\/\/iotsensors.dk\/de\/consulting-services\/\" \/>\n<meta property=\"og:site_name\" content=\"IoT Sensors\" \/>\n<meta property=\"article:modified_time\" content=\"2020-10-09T13:15:33+00:00\" \/>\n<meta name=\"twitter:card\" content=\"summary_large_image\" \/>\n<script type=\"application\/ld+json\" class=\"yoast-schema-graph\">{\"@context\":\"https:\\\/\\\/schema.org\",\"@graph\":[{\"@type\":\"WebPage\",\"@id\":\"https:\\\/\\\/iotsensors.dk\\\/consulting-services\\\/\",\"url\":\"https:\\\/\\\/iotsensors.dk\\\/consulting-services\\\/\",\"name\":\"IoT Consulting Services | IoT Strategy Consultants In Denmark\",\"isPartOf\":{\"@id\":\"https:\\\/\\\/iotsensors.dk\\\/da\\\/#website\"},\"datePublished\":\"2019-11-18T18:40:21+00:00\",\"dateModified\":\"2020-10-09T13:15:33+00:00\",\"description\":\"Our IoT Consulting services helps you implement IoT products and systems for commercial and industrial use. Call us at +45 31 31 00 99.\",\"breadcrumb\":{\"@id\":\"https:\\\/\\\/iotsensors.dk\\\/consulting-services\\\/#breadcrumb\"},\"inLanguage\":\"de\",\"potentialAction\":[{\"@type\":\"ReadAction\",\"target\":[\"https:\\\/\\\/iotsensors.dk\\\/consulting-services\\\/\"]}]},{\"@type\":\"BreadcrumbList\",\"@id\":\"https:\\\/\\\/iotsensors.dk\\\/consulting-services\\\/#breadcrumb\",\"itemListElement\":[{\"@type\":\"ListItem\",\"position\":1,\"name\":\"Home\",\"item\":\"https:\\\/\\\/iotsensors.dk\\\/da\\\/\"},{\"@type\":\"ListItem\",\"position\":2,\"name\":\"Consultancy Service\"}]},{\"@type\":\"WebSite\",\"@id\":\"https:\\\/\\\/iotsensors.dk\\\/da\\\/#website\",\"url\":\"https:\\\/\\\/iotsensors.dk\\\/da\\\/\",\"name\":\"IoT Sensors\",\"description\":\"When we develop Smart City solutions, it is not only  to be \u201csmart\u201d\",\"publisher\":{\"@id\":\"https:\\\/\\\/iotsensors.dk\\\/da\\\/#organization\"},\"potentialAction\":[{\"@type\":\"SearchAction\",\"target\":{\"@type\":\"EntryPoint\",\"urlTemplate\":\"https:\\\/\\\/iotsensors.dk\\\/da\\\/?s={search_term_string}\"},\"query-input\":{\"@type\":\"PropertyValueSpecification\",\"valueRequired\":true,\"valueName\":\"search_term_string\"}}],\"inLanguage\":\"de\"},{\"@type\":\"Organization\",\"@id\":\"https:\\\/\\\/iotsensors.dk\\\/da\\\/#organization\",\"name\":\"IoT Sensors ApS\",\"url\":\"https:\\\/\\\/iotsensors.dk\\\/da\\\/\",\"logo\":{\"@type\":\"ImageObject\",\"inLanguage\":\"de\",\"@id\":\"https:\\\/\\\/iotsensors.dk\\\/da\\\/#\\\/schema\\\/logo\\\/image\\\/\",\"url\":\"https:\\\/\\\/iotsensors.dk\\\/wp-content\\\/uploads\\\/2020\\\/09\\\/IOT-sensors-logo.png\",\"contentUrl\":\"https:\\\/\\\/iotsensors.dk\\\/wp-content\\\/uploads\\\/2020\\\/09\\\/IOT-sensors-logo.png\",\"width\":325,\"height\":71,\"caption\":\"IoT Sensors ApS\"},\"image\":{\"@id\":\"https:\\\/\\\/iotsensors.dk\\\/da\\\/#\\\/schema\\\/logo\\\/image\\\/\"}}]}<\/script>\n<!-- \/ Yoast SEO plugin. -->","yoast_head_json":{"title":"IoT Consulting Services | IoT Strategy Consultants In Denmark","description":"Our IoT Consulting services helps you implement IoT products and systems for commercial and industrial use. Call us at +45 31 31 00 99.","robots":{"index":"index","follow":"follow","max-snippet":"max-snippet:-1","max-image-preview":"max-image-preview:large","max-video-preview":"max-video-preview:-1"},"canonical":"https:\/\/iotsensors.dk\/de\/consulting-services\/","og_locale":"de_DE","og_type":"article","og_title":"IoT Consulting Services | IoT Strategy Consultants In Denmark","og_description":"Our IoT Consulting services helps you implement IoT products and systems for commercial and industrial use. Call us at +45 31 31 00 99.","og_url":"https:\/\/iotsensors.dk\/de\/consulting-services\/","og_site_name":"IoT Sensors","article_modified_time":"2020-10-09T13:15:33+00:00","twitter_card":"summary_large_image","schema":{"@context":"https:\/\/schema.org","@graph":[{"@type":"WebPage","@id":"https:\/\/iotsensors.dk\/consulting-services\/","url":"https:\/\/iotsensors.dk\/consulting-services\/","name":"IoT Consulting Services | IoT Strategy Consultants In Denmark","isPartOf":{"@id":"https:\/\/iotsensors.dk\/da\/#website"},"datePublished":"2019-11-18T18:40:21+00:00","dateModified":"2020-10-09T13:15:33+00:00","description":"Our IoT Consulting services helps you implement IoT products and systems for commercial and industrial use. Call us at +45 31 31 00 99.","breadcrumb":{"@id":"https:\/\/iotsensors.dk\/consulting-services\/#breadcrumb"},"inLanguage":"de","potentialAction":[{"@type":"ReadAction","target":["https:\/\/iotsensors.dk\/consulting-services\/"]}]},{"@type":"BreadcrumbList","@id":"https:\/\/iotsensors.dk\/consulting-services\/#breadcrumb","itemListElement":[{"@type":"ListItem","position":1,"name":"Home","item":"https:\/\/iotsensors.dk\/da\/"},{"@type":"ListItem","position":2,"name":"Consultancy Service"}]},{"@type":"WebSite","@id":"https:\/\/iotsensors.dk\/da\/#website","url":"https:\/\/iotsensors.dk\/da\/","name":"IoT Sensors","description":"\u201eWenn wir Smart City L\u00f6sungen entwickeln\nes ist nicht nur \"schlau\" zu sein\".","publisher":{"@id":"https:\/\/iotsensors.dk\/da\/#organization"},"potentialAction":[{"@type":"SearchAction","target":{"@type":"EntryPoint","urlTemplate":"https:\/\/iotsensors.dk\/da\/?s={search_term_string}"},"query-input":{"@type":"PropertyValueSpecification","valueRequired":true,"valueName":"search_term_string"}}],"inLanguage":"de"},{"@type":"Organization","@id":"https:\/\/iotsensors.dk\/da\/#organization","name":"IoT Sensors ApS","url":"https:\/\/iotsensors.dk\/da\/","logo":{"@type":"ImageObject","inLanguage":"de","@id":"https:\/\/iotsensors.dk\/da\/#\/schema\/logo\/image\/","url":"https:\/\/iotsensors.dk\/wp-content\/uploads\/2020\/09\/IOT-sensors-logo.png","contentUrl":"https:\/\/iotsensors.dk\/wp-content\/uploads\/2020\/09\/IOT-sensors-logo.png","width":325,"height":71,"caption":"IoT Sensors ApS"},"image":{"@id":"https:\/\/iotsensors.dk\/da\/#\/schema\/logo\/image\/"}}]}},"_links":{"self":[{"href":"https:\/\/iotsensors.dk\/de\/wp-json\/wp\/v2\/pages\/205","targetHints":{"allow":["GET"]}}],"collection":[{"href":"https:\/\/iotsensors.dk\/de\/wp-json\/wp\/v2\/pages"}],"about":[{"href":"https:\/\/iotsensors.dk\/de\/wp-json\/wp\/v2\/types\/page"}],"author":[{"embeddable":true,"href":"https:\/\/iotsensors.dk\/de\/wp-json\/wp\/v2\/users\/1"}],"replies":[{"embeddable":true,"href":"https:\/\/iotsensors.dk\/de\/wp-json\/wp\/v2\/comments?post=205"}],"version-history":[{"count":64,"href":"https:\/\/iotsensors.dk\/de\/wp-json\/wp\/v2\/pages\/205\/revisions"}],"predecessor-version":[{"id":944,"href":"https:\/\/iotsensors.dk\/de\/wp-json\/wp\/v2\/pages\/205\/revisions\/944"}],"wp:attachment":[{"href":"https:\/\/iotsensors.dk\/de\/wp-json\/wp\/v2\/media?parent=205"}],"curies":[{"name":"wp","href":"https:\/\/api.w.org\/{rel}","templated":true}]}}