{"id":124,"date":"2019-11-18T17:05:45","date_gmt":"2019-11-18T17:05:45","guid":{"rendered":"http:\/\/iotsensors.dk\/?page_id=124"},"modified":"2022-06-14T14:10:18","modified_gmt":"2022-06-14T13:10:18","slug":"contact","status":"publish","type":"page","link":"https:\/\/iotsensors.dk\/de\/contact\/","title":{"rendered":"Kontakt"},"content":{"rendered":"<div data-elementor-type=\"wp-page\" data-elementor-id=\"124\" class=\"elementor elementor-124\">\n\t\t\t\t\t\t<section class=\"has_eae_slider elementor-section elementor-top-section elementor-element elementor-element-c07d2c1 elementor-section-height-min-height elementor-section-boxed elementor-section-height-default elementor-section-items-middle\" data-eae-slider=\"31520\" data-id=\"c07d2c1\" data-element_type=\"section\" data-e-type=\"section\" data-settings=\"{&quot;background_background&quot;:&quot;classic&quot;}\">\n\t\t\t\t\t\t\t<div class=\"elementor-background-overlay\"><\/div>\n\t\t\t\t\t\t\t<div class=\"elementor-container elementor-column-gap-default\">\n\t\t\t\t\t<div class=\"has_eae_slider elementor-column elementor-col-100 elementor-top-column elementor-element elementor-element-53e171c\" data-eae-slider=\"45145\" data-id=\"53e171c\" data-element_type=\"column\" data-e-type=\"column\">\n\t\t\t<div class=\"elementor-widget-wrap elementor-element-populated\">\n\t\t\t\t\t\t<section class=\"has_eae_slider elementor-section elementor-inner-section elementor-element elementor-element-c16bcf4 elementor-section-boxed elementor-section-height-default elementor-section-height-default\" data-eae-slider=\"44868\" data-id=\"c16bcf4\" data-element_type=\"section\" data-e-type=\"section\">\n\t\t\t\t\t\t<div class=\"elementor-container elementor-column-gap-default\">\n\t\t\t\t\t<div class=\"has_eae_slider elementor-column elementor-col-50 elementor-inner-column elementor-element elementor-element-ca13959\" data-eae-slider=\"28198\" data-id=\"ca13959\" data-element_type=\"column\" data-e-type=\"column\">\n\t\t\t<div class=\"elementor-widget-wrap elementor-element-populated\">\n\t\t\t\t\t\t<div class=\"elementor-element elementor-element-e85fb45 elementor-widget elementor-widget-heading\" data-id=\"e85fb45\" data-element_type=\"widget\" data-e-type=\"widget\" data-widget_type=\"heading.default\">\n\t\t\t\t<div class=\"elementor-widget-container\">\n\t\t\t\t\t<h1 class=\"elementor-heading-title elementor-size-default\">Kontakt<\/h1>\t\t\t\t<\/div>\n\t\t\t\t<\/div>\n\t\t\t\t\t<\/div>\n\t\t<\/div>\n\t\t\t\t<div class=\"has_eae_slider elementor-column elementor-col-50 elementor-inner-column elementor-element elementor-element-0a04f60\" data-eae-slider=\"75699\" data-id=\"0a04f60\" data-element_type=\"column\" data-e-type=\"column\" data-settings=\"{&quot;background_background&quot;:&quot;classic&quot;}\">\n\t\t\t<div class=\"elementor-widget-wrap elementor-element-populated\">\n\t\t\t\t\t\t<div class=\"elementor-element elementor-element-6f9be96 elementor-widget elementor-widget-text-editor\" data-id=\"6f9be96\" data-element_type=\"widget\" data-e-type=\"widget\" data-widget_type=\"text-editor.default\">\n\t\t\t\t<div class=\"elementor-widget-container\">\n\t\t\t\t\t\t\t\t\t<p>Sie k\u00f6nnen uns gerne eine E-Mail senden oder uns anrufen, um \u00fcber Ihre Anforderungen zu sprechen und mehr dar\u00fcber zu erfahren, was wir f\u00fcr Sie tun k\u00f6nnen.<\/p>\t\t\t\t\t\t\t\t<\/div>\n\t\t\t\t<\/div>\n\t\t\t\t\t<\/div>\n\t\t<\/div>\n\t\t\t\t\t<\/div>\n\t\t<\/section>\n\t\t\t\t\t<\/div>\n\t\t<\/div>\n\t\t\t\t\t<\/div>\n\t\t<\/section>\n\t\t\t\t<section class=\"has_eae_slider elementor-section elementor-top-section elementor-element elementor-element-597face elementor-section-full_width elementor-section-height-default elementor-section-height-default\" data-eae-slider=\"1491\" data-id=\"597face\" data-element_type=\"section\" data-e-type=\"section\" data-settings=\"{&quot;background_background&quot;:&quot;classic&quot;}\">\n\t\t\t\t\t\t<div class=\"elementor-container elementor-column-gap-default\">\n\t\t\t\t\t<div class=\"has_eae_slider elementor-column elementor-col-33 elementor-top-column elementor-element elementor-element-4623bed\" data-eae-slider=\"66451\" data-id=\"4623bed\" data-element_type=\"column\" data-e-type=\"column\">\n\t\t\t<div class=\"elementor-widget-wrap\">\n\t\t\t\t\t\t\t<\/div>\n\t\t<\/div>\n\t\t\t\t<div class=\"has_eae_slider elementor-column elementor-col-33 elementor-top-column elementor-element elementor-element-a8e3670\" data-eae-slider=\"31518\" data-id=\"a8e3670\" data-element_type=\"column\" data-e-type=\"column\">\n\t\t\t<div class=\"elementor-widget-wrap\">\n\t\t\t\t\t\t\t<\/div>\n\t\t<\/div>\n\t\t\t\t<div class=\"has_eae_slider elementor-column elementor-col-33 elementor-top-column elementor-element elementor-element-64f69b3\" data-eae-slider=\"83966\" data-id=\"64f69b3\" data-element_type=\"column\" data-e-type=\"column\">\n\t\t\t<div class=\"elementor-widget-wrap elementor-element-populated\">\n\t\t\t\t\t\t<div class=\"elementor-element elementor-element-5480057 elementor-widget elementor-widget-text-editor\" data-id=\"5480057\" data-element_type=\"widget\" data-e-type=\"widget\" data-widget_type=\"text-editor.default\">\n\t\t\t\t<div class=\"elementor-widget-container\">\n\t\t\t\t\t\t\t\t\t<p>Hauptsitz:<br \/>IOT SENSORS ApS<br \/>Nordre Strandvej 144A<br \/>3140 Alsg\u00e5rde<br \/>D\u00e4nemark<br \/>Mail: <a href=\"mailto:info@iotsensors.dk\">info@iotsensors.dk<\/a><br \/>Telefon: +45 3131 00 99 # 1<\/p><p><strong>Umsatzsteuer-Nr.: 3523 3806<\/strong><\/p>\t\t\t\t\t\t\t\t<\/div>\n\t\t\t\t<\/div>\n\t\t\t\t\t<\/div>\n\t\t<\/div>\n\t\t\t\t\t<\/div>\n\t\t<\/section>\n\t\t\t\t<section class=\"has_eae_slider elementor-section elementor-top-section elementor-element elementor-element-c9ccf47 elementor-section-boxed elementor-section-height-default elementor-section-height-default\" data-eae-slider=\"20066\" data-id=\"c9ccf47\" data-element_type=\"section\" data-e-type=\"section\" data-settings=\"{&quot;background_background&quot;:&quot;classic&quot;}\">\n\t\t\t\t\t\t<div class=\"elementor-container elementor-column-gap-default\">\n\t\t\t\t\t<div class=\"has_eae_slider elementor-column elementor-col-100 elementor-top-column elementor-element elementor-element-eee935e\" data-eae-slider=\"60878\" data-id=\"eee935e\" data-element_type=\"column\" data-e-type=\"column\">\n\t\t\t<div class=\"elementor-widget-wrap elementor-element-populated\">\n\t\t\t\t\t\t<div class=\"elementor-element elementor-element-b2f6629 elementor-widget elementor-widget-google_maps\" data-id=\"b2f6629\" data-element_type=\"widget\" data-e-type=\"widget\" data-widget_type=\"google_maps.default\">\n\t\t\t\t<div class=\"elementor-widget-container\">\n\t\t\t\t\t\t\t<div class=\"elementor-custom-embed\">\n\t\t\t<iframe\n\t\t\t\t\tdata-src=\"https:\/\/www.google.com\/maps\/embed\/v1\/place?key=AIzaSyBDLUuusOvnlqtQiewxniM7sZ19Z1oegfg&#038;q=Nordre%20Strandvej%20144A%2C%203140%20Alsg%C3%A5rde&#038;zoom=12\"\n\t\t\t\t\ttitle=\"Nordre Strandvej 144A, 3140 Alsg\u00e5rde\"\n\t\t\t\t\taria-label=\"Nordre Strandvej 144A, 3140 Alsg\u00e5rde\"\n\t\t\t src=\"data:image\/svg+xml;base64,PHN2ZyB3aWR0aD0iMSIgaGVpZ2h0PSIxIiB4bWxucz0iaHR0cDovL3d3dy53My5vcmcvMjAwMC9zdmciPjwvc3ZnPg==\" class=\"lazyload\" data-load-mode=\"1\"><\/iframe>\n\t\t<\/div>\n\t\t\t\t\t\t<\/div>\n\t\t\t\t<\/div>\n\t\t\t\t\t<\/div>\n\t\t<\/div>\n\t\t\t\t\t<\/div>\n\t\t<\/section>\n\t\t\t\t<\/div>","protected":false},"excerpt":{"rendered":"<p>Contact Feel free to email or call us to talk about your requirements and find out more about what we can do for you. Head office:IOT SENSORS ApSNordre Strandvej 144A3140 Alsg\u00e5rdeDenmarkMail: info@iotsensors.dkPhone: +45 3131 00 99 # 1 VAT no.: 3523 3806<\/p>","protected":false},"author":1,"featured_media":0,"parent":0,"menu_order":0,"comment_status":"closed","ping_status":"closed","template":"","meta":{"site-sidebar-layout":"no-sidebar","site-content-layout":"page-builder","ast-site-content-layout":"default","site-content-style":"default","site-sidebar-style":"default","ast-global-header-display":"","ast-banner-title-visibility":"","ast-main-header-display":"","ast-hfb-above-header-display":"","ast-hfb-below-header-display":"","ast-hfb-mobile-header-display":"","site-post-title":"disabled","ast-breadcrumbs-content":"","ast-featured-img":"disabled","footer-sml-layout":"","theme-transparent-header-meta":"default","adv-header-id-meta":"","stick-header-meta":"","header-above-stick-meta":"","header-main-stick-meta":"","header-below-stick-meta":"","astra-migrate-meta-layouts":"default","ast-page-background-enabled":"default","ast-page-background-meta":{"desktop":{"background-color":"","background-image":"","background-repeat":"repeat","background-position":"center center","background-size":"auto","background-attachment":"scroll","background-type":"","background-media":"","overlay-type":"","overlay-color":"","overlay-opacity":"","overlay-gradient":""},"tablet":{"background-color":"","background-image":"","background-repeat":"repeat","background-position":"center center","background-size":"auto","background-attachment":"scroll","background-type":"","background-media":"","overlay-type":"","overlay-color":"","overlay-opacity":"","overlay-gradient":""},"mobile":{"background-color":"","background-image":"","background-repeat":"repeat","background-position":"center center","background-size":"auto","background-attachment":"scroll","background-type":"","background-media":"","overlay-type":"","overlay-color":"","overlay-opacity":"","overlay-gradient":""}},"ast-content-background-meta":{"desktop":{"background-color":"var(--ast-global-color-5)","background-image":"","background-repeat":"repeat","background-position":"center center","background-size":"auto","background-attachment":"scroll","background-type":"","background-media":"","overlay-type":"","overlay-color":"","overlay-opacity":"","overlay-gradient":""},"tablet":{"background-color":"var(--ast-global-color-5)","background-image":"","background-repeat":"repeat","background-position":"center center","background-size":"auto","background-attachment":"scroll","background-type":"","background-media":"","overlay-type":"","overlay-color":"","overlay-opacity":"","overlay-gradient":""},"mobile":{"background-color":"var(--ast-global-color-5)","background-image":"","background-repeat":"repeat","background-position":"center center","background-size":"auto","background-attachment":"scroll","background-type":"","background-media":"","overlay-type":"","overlay-color":"","overlay-opacity":"","overlay-gradient":""}},"footnotes":""},"class_list":["post-124","page","type-page","status-publish","hentry"],"yoast_head":"<!-- This site is optimized with the Yoast SEO plugin v27.6 - https:\/\/yoast.com\/product\/yoast-seo-wordpress\/ -->\n<title>Contact - IoT Sensors<\/title>\n<meta name=\"description\" content=\"Contact us to get started. Call us at +45 31 31 00 99, see our address or contact us by mail. Read more.\" \/>\n<meta name=\"robots\" content=\"index, follow, max-snippet:-1, max-image-preview:large, max-video-preview:-1\" \/>\n<link rel=\"canonical\" href=\"https:\/\/iotsensors.dk\/de\/contact\/\" \/>\n<meta property=\"og:locale\" content=\"de_DE\" \/>\n<meta property=\"og:type\" content=\"article\" \/>\n<meta property=\"og:title\" content=\"Contact - IoT Sensors\" \/>\n<meta property=\"og:description\" content=\"Contact us to get started. Call us at +45 31 31 00 99, see our address or contact us by mail. Read more.\" \/>\n<meta property=\"og:url\" content=\"https:\/\/iotsensors.dk\/de\/contact\/\" \/>\n<meta property=\"og:site_name\" content=\"IoT Sensors\" \/>\n<meta property=\"article:modified_time\" content=\"2022-06-14T13:10:18+00:00\" \/>\n<meta name=\"twitter:card\" content=\"summary_large_image\" \/>\n<meta name=\"twitter:label1\" content=\"Gesch\u00e4tzte Lesezeit\" \/>\n\t<meta name=\"twitter:data1\" content=\"1\u00a0Minute\" \/>\n<script type=\"application\/ld+json\" class=\"yoast-schema-graph\">{\"@context\":\"https:\\\/\\\/schema.org\",\"@graph\":[{\"@type\":\"WebPage\",\"@id\":\"https:\\\/\\\/iotsensors.dk\\\/contact\\\/\",\"url\":\"https:\\\/\\\/iotsensors.dk\\\/contact\\\/\",\"name\":\"Contact - IoT Sensors\",\"isPartOf\":{\"@id\":\"https:\\\/\\\/iotsensors.dk\\\/da\\\/#website\"},\"datePublished\":\"2019-11-18T17:05:45+00:00\",\"dateModified\":\"2022-06-14T13:10:18+00:00\",\"description\":\"Contact us to get started. Call us at +45 31 31 00 99, see our address or contact us by mail. Read more.\",\"breadcrumb\":{\"@id\":\"https:\\\/\\\/iotsensors.dk\\\/contact\\\/#breadcrumb\"},\"inLanguage\":\"de\",\"potentialAction\":[{\"@type\":\"ReadAction\",\"target\":[\"https:\\\/\\\/iotsensors.dk\\\/contact\\\/\"]}]},{\"@type\":\"BreadcrumbList\",\"@id\":\"https:\\\/\\\/iotsensors.dk\\\/contact\\\/#breadcrumb\",\"itemListElement\":[{\"@type\":\"ListItem\",\"position\":1,\"name\":\"Home\",\"item\":\"https:\\\/\\\/iotsensors.dk\\\/da\\\/\"},{\"@type\":\"ListItem\",\"position\":2,\"name\":\"Contact\"}]},{\"@type\":\"WebSite\",\"@id\":\"https:\\\/\\\/iotsensors.dk\\\/da\\\/#website\",\"url\":\"https:\\\/\\\/iotsensors.dk\\\/da\\\/\",\"name\":\"IoT Sensors\",\"description\":\"When we develop Smart City solutions, it is not only  to be \u201csmart\u201d\",\"publisher\":{\"@id\":\"https:\\\/\\\/iotsensors.dk\\\/da\\\/#organization\"},\"potentialAction\":[{\"@type\":\"SearchAction\",\"target\":{\"@type\":\"EntryPoint\",\"urlTemplate\":\"https:\\\/\\\/iotsensors.dk\\\/da\\\/?s={search_term_string}\"},\"query-input\":{\"@type\":\"PropertyValueSpecification\",\"valueRequired\":true,\"valueName\":\"search_term_string\"}}],\"inLanguage\":\"de\"},{\"@type\":\"Organization\",\"@id\":\"https:\\\/\\\/iotsensors.dk\\\/da\\\/#organization\",\"name\":\"IoT Sensors ApS\",\"url\":\"https:\\\/\\\/iotsensors.dk\\\/da\\\/\",\"logo\":{\"@type\":\"ImageObject\",\"inLanguage\":\"de\",\"@id\":\"https:\\\/\\\/iotsensors.dk\\\/da\\\/#\\\/schema\\\/logo\\\/image\\\/\",\"url\":\"https:\\\/\\\/iotsensors.dk\\\/wp-content\\\/uploads\\\/2020\\\/09\\\/IOT-sensors-logo.png\",\"contentUrl\":\"https:\\\/\\\/iotsensors.dk\\\/wp-content\\\/uploads\\\/2020\\\/09\\\/IOT-sensors-logo.png\",\"width\":325,\"height\":71,\"caption\":\"IoT Sensors ApS\"},\"image\":{\"@id\":\"https:\\\/\\\/iotsensors.dk\\\/da\\\/#\\\/schema\\\/logo\\\/image\\\/\"}}]}<\/script>\n<!-- \/ Yoast SEO plugin. -->","yoast_head_json":{"title":"Contact - IoT Sensors","description":"Contact us to get started. Call us at +45 31 31 00 99, see our address or contact us by mail. Read more.","robots":{"index":"index","follow":"follow","max-snippet":"max-snippet:-1","max-image-preview":"max-image-preview:large","max-video-preview":"max-video-preview:-1"},"canonical":"https:\/\/iotsensors.dk\/de\/contact\/","og_locale":"de_DE","og_type":"article","og_title":"Contact - IoT Sensors","og_description":"Contact us to get started. Call us at +45 31 31 00 99, see our address or contact us by mail. Read more.","og_url":"https:\/\/iotsensors.dk\/de\/contact\/","og_site_name":"IoT Sensors","article_modified_time":"2022-06-14T13:10:18+00:00","twitter_card":"summary_large_image","twitter_misc":{"Gesch\u00e4tzte Lesezeit":"1\u00a0Minute"},"schema":{"@context":"https:\/\/schema.org","@graph":[{"@type":"WebPage","@id":"https:\/\/iotsensors.dk\/contact\/","url":"https:\/\/iotsensors.dk\/contact\/","name":"Contact - IoT Sensors","isPartOf":{"@id":"https:\/\/iotsensors.dk\/da\/#website"},"datePublished":"2019-11-18T17:05:45+00:00","dateModified":"2022-06-14T13:10:18+00:00","description":"Contact us to get started. Call us at +45 31 31 00 99, see our address or contact us by mail. Read more.","breadcrumb":{"@id":"https:\/\/iotsensors.dk\/contact\/#breadcrumb"},"inLanguage":"de","potentialAction":[{"@type":"ReadAction","target":["https:\/\/iotsensors.dk\/contact\/"]}]},{"@type":"BreadcrumbList","@id":"https:\/\/iotsensors.dk\/contact\/#breadcrumb","itemListElement":[{"@type":"ListItem","position":1,"name":"Home","item":"https:\/\/iotsensors.dk\/da\/"},{"@type":"ListItem","position":2,"name":"Contact"}]},{"@type":"WebSite","@id":"https:\/\/iotsensors.dk\/da\/#website","url":"https:\/\/iotsensors.dk\/da\/","name":"IoT Sensors","description":"\u201eWenn wir Smart City L\u00f6sungen entwickeln\nes ist nicht nur \"schlau\" zu sein\".","publisher":{"@id":"https:\/\/iotsensors.dk\/da\/#organization"},"potentialAction":[{"@type":"SearchAction","target":{"@type":"EntryPoint","urlTemplate":"https:\/\/iotsensors.dk\/da\/?s={search_term_string}"},"query-input":{"@type":"PropertyValueSpecification","valueRequired":true,"valueName":"search_term_string"}}],"inLanguage":"de"},{"@type":"Organization","@id":"https:\/\/iotsensors.dk\/da\/#organization","name":"IoT Sensors ApS","url":"https:\/\/iotsensors.dk\/da\/","logo":{"@type":"ImageObject","inLanguage":"de","@id":"https:\/\/iotsensors.dk\/da\/#\/schema\/logo\/image\/","url":"https:\/\/iotsensors.dk\/wp-content\/uploads\/2020\/09\/IOT-sensors-logo.png","contentUrl":"https:\/\/iotsensors.dk\/wp-content\/uploads\/2020\/09\/IOT-sensors-logo.png","width":325,"height":71,"caption":"IoT Sensors ApS"},"image":{"@id":"https:\/\/iotsensors.dk\/da\/#\/schema\/logo\/image\/"}}]}},"_links":{"self":[{"href":"https:\/\/iotsensors.dk\/de\/wp-json\/wp\/v2\/pages\/124","targetHints":{"allow":["GET"]}}],"collection":[{"href":"https:\/\/iotsensors.dk\/de\/wp-json\/wp\/v2\/pages"}],"about":[{"href":"https:\/\/iotsensors.dk\/de\/wp-json\/wp\/v2\/types\/page"}],"author":[{"embeddable":true,"href":"https:\/\/iotsensors.dk\/de\/wp-json\/wp\/v2\/users\/1"}],"replies":[{"embeddable":true,"href":"https:\/\/iotsensors.dk\/de\/wp-json\/wp\/v2\/comments?post=124"}],"version-history":[{"count":105,"href":"https:\/\/iotsensors.dk\/de\/wp-json\/wp\/v2\/pages\/124\/revisions"}],"predecessor-version":[{"id":994,"href":"https:\/\/iotsensors.dk\/de\/wp-json\/wp\/v2\/pages\/124\/revisions\/994"}],"wp:attachment":[{"href":"https:\/\/iotsensors.dk\/de\/wp-json\/wp\/v2\/media?parent=124"}],"curies":[{"name":"wp","href":"https:\/\/api.w.org\/{rel}","templated":true}]}}