{"id":236,"date":"2019-11-18T19:06:32","date_gmt":"2019-11-18T19:06:32","guid":{"rendered":"http:\/\/iotsensors.dk\/?page_id=236"},"modified":"2020-11-06T09:16:29","modified_gmt":"2020-11-06T08:16:29","slug":"logistics-data","status":"publish","type":"page","link":"https:\/\/iotsensors.dk\/da\/logistik-data\/","title":{"rendered":"Logistik &amp; Data"},"content":{"rendered":"<div data-elementor-type=\"wp-page\" data-elementor-id=\"236\" class=\"elementor elementor-236\">\n\t\t\t\t\t\t<section class=\"has_eae_slider elementor-section elementor-top-section elementor-element elementor-element-1ea0f177 elementor-section-content-middle elementor-section-boxed elementor-section-height-default elementor-section-height-default\" data-eae-slider=\"75851\" data-id=\"1ea0f177\" data-element_type=\"section\" data-e-type=\"section\" data-settings=\"{&quot;background_background&quot;:&quot;classic&quot;}\">\n\t\t\t\t\t\t\t<div class=\"elementor-background-overlay\"><\/div>\n\t\t\t\t\t\t\t<div class=\"elementor-container elementor-column-gap-default\">\n\t\t\t\t\t<div class=\"has_eae_slider elementor-column elementor-col-100 elementor-top-column elementor-element elementor-element-5183b1dd\" data-eae-slider=\"16725\" data-id=\"5183b1dd\" data-element_type=\"column\" data-e-type=\"column\">\n\t\t\t<div class=\"elementor-widget-wrap elementor-element-populated\">\n\t\t\t\t\t\t<section class=\"has_eae_slider elementor-section elementor-inner-section elementor-element elementor-element-48ae30eb elementor-section-full_width elementor-section-height-default elementor-section-height-default\" data-eae-slider=\"29055\" data-id=\"48ae30eb\" data-element_type=\"section\" data-e-type=\"section\">\n\t\t\t\t\t\t<div class=\"elementor-container elementor-column-gap-default\">\n\t\t\t\t\t<div class=\"has_eae_slider elementor-column elementor-col-50 elementor-inner-column elementor-element elementor-element-157a154\" data-eae-slider=\"51487\" data-id=\"157a154\" data-element_type=\"column\" data-e-type=\"column\">\n\t\t\t<div class=\"elementor-widget-wrap elementor-element-populated\">\n\t\t\t\t\t\t<div class=\"elementor-element elementor-element-71e575cf elementor-widget elementor-widget-heading\" data-id=\"71e575cf\" data-element_type=\"widget\" data-e-type=\"widget\" data-widget_type=\"heading.default\">\n\t\t\t\t<div class=\"elementor-widget-container\">\n\t\t\t\t\t<h1 class=\"elementor-heading-title elementor-size-default\">Vi sikrer flexible og krypterede data<\/h1>\t\t\t\t<\/div>\n\t\t\t\t<\/div>\n\t\t\t\t\t<\/div>\n\t\t<\/div>\n\t\t\t\t<div class=\"has_eae_slider elementor-column elementor-col-50 elementor-inner-column elementor-element elementor-element-51155bf\" data-eae-slider=\"51924\" data-id=\"51155bf\" data-element_type=\"column\" data-e-type=\"column\" data-settings=\"{&quot;background_background&quot;:&quot;classic&quot;}\">\n\t\t\t<div class=\"elementor-widget-wrap elementor-element-populated\">\n\t\t\t\t\t\t<div class=\"elementor-element elementor-element-35a1d8c elementor-widget elementor-widget-image\" data-id=\"35a1d8c\" data-element_type=\"widget\" data-e-type=\"widget\" data-widget_type=\"image.default\">\n\t\t\t\t<div class=\"elementor-widget-container\">\n\t\t\t\t\t\t\t\t\t\t\t\t\t\t\t<img decoding=\"async\" data-src=\"https:\/\/iotsensors.dk\/wp-content\/uploads\/elementor\/thumbs\/Image-1-ppyqg23a7tqrqsuq4s9i4h3cok4a21gasyuaaw2l4w.png\" title=\"Image 1\" alt=\"sensor data\" src=\"data:image\/svg+xml;base64,PHN2ZyB3aWR0aD0iMSIgaGVpZ2h0PSIxIiB4bWxucz0iaHR0cDovL3d3dy53My5vcmcvMjAwMC9zdmciPjwvc3ZnPg==\" class=\"lazyload\" style=\"--smush-placeholder-width: 620px; --smush-placeholder-aspect-ratio: 620\/320;\" \/>\t\t\t\t\t\t\t\t\t\t\t\t\t\t\t<\/div>\n\t\t\t\t<\/div>\n\t\t\t\t\t<\/div>\n\t\t<\/div>\n\t\t\t\t\t<\/div>\n\t\t<\/section>\n\t\t\t\t\t<\/div>\n\t\t<\/div>\n\t\t\t\t\t<\/div>\n\t\t<\/section>\n\t\t\t\t<section class=\"has_eae_slider elementor-section elementor-top-section elementor-element elementor-element-47b464f elementor-section-boxed elementor-section-height-default elementor-section-height-default\" data-eae-slider=\"44104\" data-id=\"47b464f\" data-element_type=\"section\" data-e-type=\"section\" data-settings=\"{&quot;background_background&quot;:&quot;classic&quot;}\">\n\t\t\t\t\t\t<div class=\"elementor-container elementor-column-gap-default\">\n\t\t\t\t\t<div class=\"has_eae_slider elementor-column elementor-col-50 elementor-top-column elementor-element elementor-element-f7703ca\" data-eae-slider=\"60387\" data-id=\"f7703ca\" data-element_type=\"column\" data-e-type=\"column\">\n\t\t\t<div class=\"elementor-widget-wrap elementor-element-populated\">\n\t\t\t\t\t\t<div class=\"elementor-element elementor-element-aa7a47d elementor-widget elementor-widget-text-editor\" data-id=\"aa7a47d\" data-element_type=\"widget\" data-e-type=\"widget\" data-widget_type=\"text-editor.default\">\n\t\t\t\t<div class=\"elementor-widget-container\">\n\t\t\t\t\t\t\t\t\t<p>Alle dataoverf\u00f8rsler i vores systemer er ikke kun dobbeltkrypterede, men ogs\u00e5 fleksible, s\u00e5 de er tilg\u00e6ngelige for slutbrugeren uden begr\u00e6nsning. Sensorerne arbejder og synkroniserer data med forskellige eksisterende logistikprogrammer p\u00e5 markedet og kan tilpasses enhver platform via API.<\/p><p>Der er s\u00e5ledes en komplet og kontrolleret datakilde uden ekstra omkostninger til specifikke, ikke-konvertible logistiske planl\u00e6gningssystemer.<\/p><p>Systemet inkluderer som en ekstra funktion et fuldt integreret, simpelt App-baseret ruteoptimeringsvejledningssystem til brugere uden deres eget, separate logistisk-program<br \/>Denne fleksibilitet forbedrer applikationshastigheden og de attraktive funktioner yderligere.<\/p><p>Systemet indsamler og gemmer alle sensordata, som er let tilg\u00e6ngelige online b\u00e5de i realtid og som historiske data.<\/p>\t\t\t\t\t\t\t\t<\/div>\n\t\t\t\t<\/div>\n\t\t\t\t\t<\/div>\n\t\t<\/div>\n\t\t\t\t<div class=\"has_eae_slider elementor-column elementor-col-50 elementor-top-column elementor-element elementor-element-c8f6efd\" data-eae-slider=\"45102\" data-id=\"c8f6efd\" data-element_type=\"column\" data-e-type=\"column\">\n\t\t\t<div class=\"elementor-widget-wrap elementor-element-populated\">\n\t\t\t\t\t\t<div class=\"elementor-element elementor-element-17e0668 elementor-widget elementor-widget-image\" data-id=\"17e0668\" data-element_type=\"widget\" data-e-type=\"widget\" data-widget_type=\"image.default\">\n\t\t\t\t<div class=\"elementor-widget-container\">\n\t\t\t\t\t\t\t\t\t\t\t\t\t\t\t<img fetchpriority=\"high\" decoding=\"async\" width=\"768\" height=\"321\" src=\"https:\/\/iotsensors.dk\/wp-content\/uploads\/2020\/09\/logistics-and-data-768x321.jpg\" class=\"attachment-medium_large size-medium_large wp-image-928\" alt=\"\" srcset=\"https:\/\/iotsensors.dk\/wp-content\/uploads\/2020\/09\/logistics-and-data-768x321.jpg 768w, https:\/\/iotsensors.dk\/wp-content\/uploads\/2020\/09\/logistics-and-data-300x126.jpg 300w, https:\/\/iotsensors.dk\/wp-content\/uploads\/2020\/09\/logistics-and-data-1024x429.jpg 1024w, https:\/\/iotsensors.dk\/wp-content\/uploads\/2020\/09\/logistics-and-data-1536x643.jpg 1536w, https:\/\/iotsensors.dk\/wp-content\/uploads\/2020\/09\/logistics-and-data-2048x857.jpg 2048w\" sizes=\"(max-width: 768px) 100vw, 768px\" \/>\t\t\t\t\t\t\t\t\t\t\t\t\t\t\t<\/div>\n\t\t\t\t<\/div>\n\t\t\t\t\t<\/div>\n\t\t<\/div>\n\t\t\t\t\t<\/div>\n\t\t<\/section>\n\t\t\t\t<\/div>","protected":false},"excerpt":{"rendered":"<p>WE MAKE DATA FLEXIBLE AND SECURE. All data transmissions in our systems are not only double encrypted, but also flexible, so they are accessible for the end-user without restraint. The sensors work and synchronize data with various existing logistic programmes on the market and can be adapted to any platform through API. Thus, there is [&hellip;]<\/p>\n","protected":false},"author":1,"featured_media":0,"parent":0,"menu_order":0,"comment_status":"closed","ping_status":"closed","template":"","meta":{"site-sidebar-layout":"no-sidebar","site-content-layout":"page-builder","ast-site-content-layout":"default","site-content-style":"default","site-sidebar-style":"default","ast-global-header-display":"","ast-banner-title-visibility":"","ast-main-header-display":"","ast-hfb-above-header-display":"","ast-hfb-below-header-display":"","ast-hfb-mobile-header-display":"","site-post-title":"disabled","ast-breadcrumbs-content":"","ast-featured-img":"disabled","footer-sml-layout":"","theme-transparent-header-meta":"default","adv-header-id-meta":"","stick-header-meta":"","header-above-stick-meta":"","header-main-stick-meta":"","header-below-stick-meta":"","astra-migrate-meta-layouts":"default","ast-page-background-enabled":"default","ast-page-background-meta":{"desktop":{"background-color":"","background-image":"","background-repeat":"repeat","background-position":"center center","background-size":"auto","background-attachment":"scroll","background-type":"","background-media":"","overlay-type":"","overlay-color":"","overlay-opacity":"","overlay-gradient":""},"tablet":{"background-color":"","background-image":"","background-repeat":"repeat","background-position":"center center","background-size":"auto","background-attachment":"scroll","background-type":"","background-media":"","overlay-type":"","overlay-color":"","overlay-opacity":"","overlay-gradient":""},"mobile":{"background-color":"","background-image":"","background-repeat":"repeat","background-position":"center center","background-size":"auto","background-attachment":"scroll","background-type":"","background-media":"","overlay-type":"","overlay-color":"","overlay-opacity":"","overlay-gradient":""}},"ast-content-background-meta":{"desktop":{"background-color":"var(--ast-global-color-5)","background-image":"","background-repeat":"repeat","background-position":"center center","background-size":"auto","background-attachment":"scroll","background-type":"","background-media":"","overlay-type":"","overlay-color":"","overlay-opacity":"","overlay-gradient":""},"tablet":{"background-color":"var(--ast-global-color-5)","background-image":"","background-repeat":"repeat","background-position":"center center","background-size":"auto","background-attachment":"scroll","background-type":"","background-media":"","overlay-type":"","overlay-color":"","overlay-opacity":"","overlay-gradient":""},"mobile":{"background-color":"var(--ast-global-color-5)","background-image":"","background-repeat":"repeat","background-position":"center center","background-size":"auto","background-attachment":"scroll","background-type":"","background-media":"","overlay-type":"","overlay-color":"","overlay-opacity":"","overlay-gradient":""}},"footnotes":""},"class_list":["post-236","page","type-page","status-publish","hentry"],"yoast_head":"<!-- This site is optimized with the Yoast SEO plugin v27.6 - https:\/\/yoast.com\/product\/yoast-seo-wordpress\/ -->\n<title>IoT Logistics &amp; Sensor Data In Denmark | IoT Data Streaming<\/title>\n<meta name=\"description\" content=\"Double-encrypted sensor data transmission. It includes a fully integrated, simple app-based route optimizing guidance system for users. Call us at +45 31 31 00 99.\" \/>\n<meta name=\"robots\" content=\"index, follow, max-snippet:-1, max-image-preview:large, max-video-preview:-1\" \/>\n<link rel=\"canonical\" href=\"https:\/\/iotsensors.dk\/da\/logistik-data\/\" \/>\n<meta property=\"og:locale\" content=\"da_DK\" \/>\n<meta property=\"og:type\" content=\"article\" \/>\n<meta property=\"og:title\" content=\"IoT Logistics &amp; Sensor Data In Denmark | IoT Data Streaming\" \/>\n<meta property=\"og:description\" content=\"Double-encrypted sensor data transmission. It includes a fully integrated, simple app-based route optimizing guidance system for users. Call us at +45 31 31 00 99.\" \/>\n<meta property=\"og:url\" content=\"https:\/\/iotsensors.dk\/da\/logistik-data\/\" \/>\n<meta property=\"og:site_name\" content=\"IoT Sensors\" \/>\n<meta property=\"article:modified_time\" content=\"2020-11-06T08:16:29+00:00\" \/>\n<meta property=\"og:image\" content=\"https:\/\/iotsensors.dk\/wp-content\/uploads\/elementor\/thumbs\/Image-1-ogwwcbrtdbgwafhia28xmjtilocqcz7v37p1afr69s.png\" \/>\n<meta name=\"twitter:card\" content=\"summary_large_image\" \/>\n<meta name=\"twitter:label1\" content=\"Estimeret l\u00e6setid\" \/>\n\t<meta name=\"twitter:data1\" content=\"1 minut\" \/>\n<script type=\"application\/ld+json\" class=\"yoast-schema-graph\">{\"@context\":\"https:\\\/\\\/schema.org\",\"@graph\":[{\"@type\":\"WebPage\",\"@id\":\"https:\\\/\\\/iotsensors.dk\\\/da\\\/logistik-data\\\/\",\"url\":\"https:\\\/\\\/iotsensors.dk\\\/da\\\/logistik-data\\\/\",\"name\":\"IoT Logistics & Sensor Data In Denmark | IoT Data Streaming\",\"isPartOf\":{\"@id\":\"https:\\\/\\\/iotsensors.dk\\\/da\\\/#website\"},\"primaryImageOfPage\":{\"@id\":\"https:\\\/\\\/iotsensors.dk\\\/da\\\/logistik-data\\\/#primaryimage\"},\"image\":{\"@id\":\"https:\\\/\\\/iotsensors.dk\\\/da\\\/logistik-data\\\/#primaryimage\"},\"thumbnailUrl\":\"https:\\\/\\\/iotsensors.dk\\\/wp-content\\\/uploads\\\/elementor\\\/thumbs\\\/Image-1-ogwwcbrtdbgwafhia28xmjtilocqcz7v37p1afr69s.png\",\"datePublished\":\"2019-11-18T19:06:32+00:00\",\"dateModified\":\"2020-11-06T08:16:29+00:00\",\"description\":\"Double-encrypted sensor data transmission. It includes a fully integrated, simple app-based route optimizing guidance system for users. Call us at +45 31 31 00 99.\",\"breadcrumb\":{\"@id\":\"https:\\\/\\\/iotsensors.dk\\\/da\\\/logistik-data\\\/#breadcrumb\"},\"inLanguage\":\"da-DK\",\"potentialAction\":[{\"@type\":\"ReadAction\",\"target\":[\"https:\\\/\\\/iotsensors.dk\\\/da\\\/logistik-data\\\/\"]}]},{\"@type\":\"ImageObject\",\"inLanguage\":\"da-DK\",\"@id\":\"https:\\\/\\\/iotsensors.dk\\\/da\\\/logistik-data\\\/#primaryimage\",\"url\":\"https:\\\/\\\/iotsensors.dk\\\/wp-content\\\/uploads\\\/elementor\\\/thumbs\\\/Image-1-ogwwcbrtdbgwafhia28xmjtilocqcz7v37p1afr69s.png\",\"contentUrl\":\"https:\\\/\\\/iotsensors.dk\\\/wp-content\\\/uploads\\\/elementor\\\/thumbs\\\/Image-1-ogwwcbrtdbgwafhia28xmjtilocqcz7v37p1afr69s.png\"},{\"@type\":\"BreadcrumbList\",\"@id\":\"https:\\\/\\\/iotsensors.dk\\\/da\\\/logistik-data\\\/#breadcrumb\",\"itemListElement\":[{\"@type\":\"ListItem\",\"position\":1,\"name\":\"Home\",\"item\":\"https:\\\/\\\/iotsensors.dk\\\/da\\\/\"},{\"@type\":\"ListItem\",\"position\":2,\"name\":\"Logistics &#038; Data\"}]},{\"@type\":\"WebSite\",\"@id\":\"https:\\\/\\\/iotsensors.dk\\\/da\\\/#website\",\"url\":\"https:\\\/\\\/iotsensors.dk\\\/da\\\/\",\"name\":\"IoT Sensors\",\"description\":\"When we develop Smart City solutions, it is not only  to be \u201csmart\u201d\",\"publisher\":{\"@id\":\"https:\\\/\\\/iotsensors.dk\\\/da\\\/#organization\"},\"potentialAction\":[{\"@type\":\"SearchAction\",\"target\":{\"@type\":\"EntryPoint\",\"urlTemplate\":\"https:\\\/\\\/iotsensors.dk\\\/da\\\/?s={search_term_string}\"},\"query-input\":{\"@type\":\"PropertyValueSpecification\",\"valueRequired\":true,\"valueName\":\"search_term_string\"}}],\"inLanguage\":\"da-DK\"},{\"@type\":\"Organization\",\"@id\":\"https:\\\/\\\/iotsensors.dk\\\/da\\\/#organization\",\"name\":\"IoT Sensors ApS\",\"url\":\"https:\\\/\\\/iotsensors.dk\\\/da\\\/\",\"logo\":{\"@type\":\"ImageObject\",\"inLanguage\":\"da-DK\",\"@id\":\"https:\\\/\\\/iotsensors.dk\\\/da\\\/#\\\/schema\\\/logo\\\/image\\\/\",\"url\":\"https:\\\/\\\/iotsensors.dk\\\/wp-content\\\/uploads\\\/2020\\\/09\\\/IOT-sensors-logo.png\",\"contentUrl\":\"https:\\\/\\\/iotsensors.dk\\\/wp-content\\\/uploads\\\/2020\\\/09\\\/IOT-sensors-logo.png\",\"width\":325,\"height\":71,\"caption\":\"IoT Sensors ApS\"},\"image\":{\"@id\":\"https:\\\/\\\/iotsensors.dk\\\/da\\\/#\\\/schema\\\/logo\\\/image\\\/\"}}]}<\/script>\n<!-- \/ Yoast SEO plugin. -->","yoast_head_json":{"title":"IoT Logistik og Sensor Data i Danmark | IoT Data Straming","description":"Dobbelt-krypteret sensor data transmission. Inkluderer et fuldt integreret, app-baseret ruteoptimeringssystem for brugerne. Ring p\u00e5 +45 31 31 00 99.","robots":{"index":"index","follow":"follow","max-snippet":"max-snippet:-1","max-image-preview":"max-image-preview:large","max-video-preview":"max-video-preview:-1"},"canonical":"https:\/\/iotsensors.dk\/da\/logistik-data\/","og_locale":"da_DK","og_type":"article","og_title":"IoT Logistics & Sensor Data In Denmark | IoT Data Streaming","og_description":"Double-encrypted sensor data transmission. It includes a fully integrated, simple app-based route optimizing guidance system for users. Call us at +45 31 31 00 99.","og_url":"https:\/\/iotsensors.dk\/da\/logistik-data\/","og_site_name":"IoT Sensors","article_modified_time":"2020-11-06T08:16:29+00:00","og_image":[{"url":"https:\/\/iotsensors.dk\/wp-content\/uploads\/elementor\/thumbs\/Image-1-ogwwcbrtdbgwafhia28xmjtilocqcz7v37p1afr69s.png","type":"","width":"","height":""}],"twitter_card":"summary_large_image","twitter_misc":{"Estimeret l\u00e6setid":"1 minut"},"schema":{"@context":"https:\/\/schema.org","@graph":[{"@type":"WebPage","@id":"https:\/\/iotsensors.dk\/da\/logistik-data\/","url":"https:\/\/iotsensors.dk\/da\/logistik-data\/","name":"IoT Logistik og Sensor Data i Danmark | IoT Data Straming","isPartOf":{"@id":"https:\/\/iotsensors.dk\/da\/#website"},"primaryImageOfPage":{"@id":"https:\/\/iotsensors.dk\/da\/logistik-data\/#primaryimage"},"image":{"@id":"https:\/\/iotsensors.dk\/da\/logistik-data\/#primaryimage"},"thumbnailUrl":"https:\/\/iotsensors.dk\/wp-content\/uploads\/elementor\/thumbs\/Image-1-ogwwcbrtdbgwafhia28xmjtilocqcz7v37p1afr69s.png","datePublished":"2019-11-18T19:06:32+00:00","dateModified":"2020-11-06T08:16:29+00:00","description":"Dobbelt-krypteret sensor data transmission. Inkluderer et fuldt integreret, app-baseret ruteoptimeringssystem for brugerne. Ring p\u00e5 +45 31 31 00 99.","breadcrumb":{"@id":"https:\/\/iotsensors.dk\/da\/logistik-data\/#breadcrumb"},"inLanguage":"da-DK","potentialAction":[{"@type":"ReadAction","target":["https:\/\/iotsensors.dk\/da\/logistik-data\/"]}]},{"@type":"ImageObject","inLanguage":"da-DK","@id":"https:\/\/iotsensors.dk\/da\/logistik-data\/#primaryimage","url":"https:\/\/iotsensors.dk\/wp-content\/uploads\/elementor\/thumbs\/Image-1-ogwwcbrtdbgwafhia28xmjtilocqcz7v37p1afr69s.png","contentUrl":"https:\/\/iotsensors.dk\/wp-content\/uploads\/elementor\/thumbs\/Image-1-ogwwcbrtdbgwafhia28xmjtilocqcz7v37p1afr69s.png"},{"@type":"BreadcrumbList","@id":"https:\/\/iotsensors.dk\/da\/logistik-data\/#breadcrumb","itemListElement":[{"@type":"ListItem","position":1,"name":"Home","item":"https:\/\/iotsensors.dk\/da\/"},{"@type":"ListItem","position":2,"name":"Logistics &#038; Data"}]},{"@type":"WebSite","@id":"https:\/\/iotsensors.dk\/da\/#website","url":"https:\/\/iotsensors.dk\/da\/","name":"IoT Sensors","description":"When we develop Smart City solutions, it is not only  to be \u201csmart\u201d","publisher":{"@id":"https:\/\/iotsensors.dk\/da\/#organization"},"potentialAction":[{"@type":"SearchAction","target":{"@type":"EntryPoint","urlTemplate":"https:\/\/iotsensors.dk\/da\/?s={search_term_string}"},"query-input":{"@type":"PropertyValueSpecification","valueRequired":true,"valueName":"search_term_string"}}],"inLanguage":"da-DK"},{"@type":"Organization","@id":"https:\/\/iotsensors.dk\/da\/#organization","name":"IoT Sensors ApS","url":"https:\/\/iotsensors.dk\/da\/","logo":{"@type":"ImageObject","inLanguage":"da-DK","@id":"https:\/\/iotsensors.dk\/da\/#\/schema\/logo\/image\/","url":"https:\/\/iotsensors.dk\/wp-content\/uploads\/2020\/09\/IOT-sensors-logo.png","contentUrl":"https:\/\/iotsensors.dk\/wp-content\/uploads\/2020\/09\/IOT-sensors-logo.png","width":325,"height":71,"caption":"IoT Sensors ApS"},"image":{"@id":"https:\/\/iotsensors.dk\/da\/#\/schema\/logo\/image\/"}}]}},"_links":{"self":[{"href":"https:\/\/iotsensors.dk\/da\/wp-json\/wp\/v2\/pages\/236","targetHints":{"allow":["GET"]}}],"collection":[{"href":"https:\/\/iotsensors.dk\/da\/wp-json\/wp\/v2\/pages"}],"about":[{"href":"https:\/\/iotsensors.dk\/da\/wp-json\/wp\/v2\/types\/page"}],"author":[{"embeddable":true,"href":"https:\/\/iotsensors.dk\/da\/wp-json\/wp\/v2\/users\/1"}],"replies":[{"embeddable":true,"href":"https:\/\/iotsensors.dk\/da\/wp-json\/wp\/v2\/comments?post=236"}],"version-history":[{"count":102,"href":"https:\/\/iotsensors.dk\/da\/wp-json\/wp\/v2\/pages\/236\/revisions"}],"predecessor-version":[{"id":957,"href":"https:\/\/iotsensors.dk\/da\/wp-json\/wp\/v2\/pages\/236\/revisions\/957"}],"wp:attachment":[{"href":"https:\/\/iotsensors.dk\/da\/wp-json\/wp\/v2\/media?parent=236"}],"curies":[{"name":"wp","href":"https:\/\/api.w.org\/{rel}","templated":true}]}}