{"id":20,"date":"2019-11-18T11:07:10","date_gmt":"2019-11-18T11:07:10","guid":{"rendered":"http:\/\/iotsensors.dk\/?page_id=20"},"modified":"2020-10-09T14:11:21","modified_gmt":"2020-10-09T13:11:21","slug":"home","status":"publish","type":"page","link":"https:\/\/iotsensors.dk\/da\/","title":{"rendered":"home"},"content":{"rendered":"<div data-elementor-type=\"wp-page\" data-elementor-id=\"20\" class=\"elementor elementor-20\">\n\t\t\t\t\t\t<section data-eae-particle=\"{  &quot;particles&quot;: {    &quot;number&quot;: {      &quot;value&quot;: 70,      &quot;density&quot;: {        &quot;enable&quot;: true,        &quot;value_area&quot;: 1500      }    },    &quot;color&quot;: {      &quot;value&quot;: &quot;#ffffff&quot;    },    &quot;shape&quot;: {      &quot;type&quot;: &quot;circle&quot;,      &quot;stroke&quot;: {        &quot;width&quot;: 0,        &quot;color&quot;: &quot;#000000&quot;      },      &quot;polygon&quot;: {        &quot;nb_sides&quot;: 5      },      &quot;image&quot;: {        &quot;src&quot;: &quot;img\/github.svg&quot;,        &quot;width&quot;: 100,        &quot;height&quot;: 100      }    },    &quot;opacity&quot;: {      &quot;value&quot;: 0.5,      &quot;random&quot;: false,      &quot;anim&quot;: {        &quot;enable&quot;: false,        &quot;speed&quot;: 1,        &quot;opacity_min&quot;: 0.1,        &quot;sync&quot;: false      }    },    &quot;size&quot;: {      &quot;value&quot;: 5,      &quot;random&quot;: true,      &quot;anim&quot;: {        &quot;enable&quot;: false,        &quot;speed&quot;: 40,        &quot;size_min&quot;: 0.1,        &quot;sync&quot;: false      }    },    &quot;line_linked&quot;: {      &quot;enable&quot;: true,      &quot;distance&quot;: 150,      &quot;color&quot;: &quot;#ffffff&quot;,      &quot;opacity&quot;: 0.4,      &quot;width&quot;: 1.5    },    &quot;move&quot;: {      &quot;enable&quot;: true,      &quot;speed&quot;: 3.2,      &quot;direction&quot;: &quot;none&quot;,      &quot;random&quot;: false,      &quot;straight&quot;: false,      &quot;out_mode&quot;: &quot;out&quot;,      &quot;bounce&quot;: false,      &quot;attract&quot;: {        &quot;enable&quot;: false,        &quot;rotateX&quot;: 600,        &quot;rotateY&quot;: 1200      }    }  },  &quot;interactivity&quot;: {    &quot;detect_on&quot;: &quot;canvas&quot;,    &quot;events&quot;: {      &quot;onhover&quot;: {        &quot;enable&quot;: true,        &quot;mode&quot;: &quot;repulse&quot;      },      &quot;onclick&quot;: {        &quot;enable&quot;: true,        &quot;mode&quot;: &quot;push&quot;      },      &quot;resize&quot;: true    },    &quot;modes&quot;: {      &quot;grab&quot;: {        &quot;distance&quot;: 400,        &quot;line_linked&quot;: {          &quot;opacity&quot;: 1        }      },      &quot;bubble&quot;: {        &quot;distance&quot;: 400,        &quot;size&quot;: 40,        &quot;duration&quot;: 2,        &quot;opacity&quot;: 8,        &quot;speed&quot;: 3      },      &quot;repulse&quot;: {        &quot;distance&quot;: 200,        &quot;duration&quot;: 0.4      },      &quot;push&quot;: {        &quot;particles_nb&quot;: 4      },      &quot;remove&quot;: {        &quot;particles_nb&quot;: 2      }    }  },  &quot;retina_detect&quot;: true}\" class=\"has_eae_slider elementor-section elementor-top-section elementor-element elementor-element-9bb73b8 elementor-section-height-min-height hero-mob-height eae-particle-yes elementor-section-boxed elementor-section-height-default elementor-section-items-middle\" data-eae-slider=\"4878\" data-id=\"9bb73b8\" data-element_type=\"section\" data-e-type=\"section\" data-settings=\"{&quot;background_background&quot;:&quot;classic&quot;}\">\n\t\t\t\t\t\t<div class=\"elementor-container elementor-column-gap-default\">\n\t\t\t\t\t<div class=\"has_eae_slider elementor-column elementor-col-100 elementor-top-column elementor-element elementor-element-0324293\" data-eae-slider=\"22467\" data-id=\"0324293\" data-element_type=\"column\" data-e-type=\"column\">\n\t\t\t<div class=\"elementor-widget-wrap elementor-element-populated\">\n\t\t\t\t\t\t<div class=\"elementor-element elementor-element-495aebd e-grid-align-left e-grid-align-mobile-left elementor-shape-rounded elementor-grid-0 elementor-widget elementor-widget-social-icons\" data-id=\"495aebd\" data-element_type=\"widget\" data-e-type=\"widget\" data-widget_type=\"social-icons.default\">\n\t\t\t\t<div class=\"elementor-widget-container\">\n\t\t\t\t\t\t\t<div class=\"elementor-social-icons-wrapper elementor-grid\">\n\t\t\t\t\t\t\t<span class=\"elementor-grid-item\">\n\t\t\t\t\t<a class=\"elementor-icon elementor-social-icon elementor-social-icon-linkedin elementor-repeater-item-e57baaf\" href=\"#\" target=\"_blank\">\n\t\t\t\t\t\t<span class=\"elementor-screen-only\">Linkedin<\/span>\n\t\t\t\t\t\t<i aria-hidden=\"true\" class=\"fab fa-linkedin\"><\/i>\t\t\t\t\t<\/a>\n\t\t\t\t<\/span>\n\t\t\t\t\t<\/div>\n\t\t\t\t\t\t<\/div>\n\t\t\t\t<\/div>\n\t\t\t\t\t<\/div>\n\t\t<\/div>\n\t\t\t\t\t<\/div>\n\t\t<\/section>\n\t\t\t\t<\/div>","protected":false},"excerpt":{"rendered":"<p>Linkedin<\/p>","protected":false},"author":1,"featured_media":0,"parent":0,"menu_order":0,"comment_status":"closed","ping_status":"closed","template":"","meta":{"site-sidebar-layout":"no-sidebar","site-content-layout":"page-builder","ast-site-content-layout":"default","site-content-style":"default","site-sidebar-style":"default","ast-global-header-display":"","ast-banner-title-visibility":"","ast-main-header-display":"","ast-hfb-above-header-display":"","ast-hfb-below-header-display":"","ast-hfb-mobile-header-display":"","site-post-title":"disabled","ast-breadcrumbs-content":"","ast-featured-img":"disabled","footer-sml-layout":"disabled","theme-transparent-header-meta":"enabled","adv-header-id-meta":"","stick-header-meta":"","header-above-stick-meta":"","header-main-stick-meta":"","header-below-stick-meta":"","astra-migrate-meta-layouts":"default","ast-page-background-enabled":"default","ast-page-background-meta":{"desktop":{"background-color":"","background-image":"","background-repeat":"repeat","background-position":"center center","background-size":"auto","background-attachment":"scroll","background-type":"","background-media":"","overlay-type":"","overlay-color":"","overlay-opacity":"","overlay-gradient":""},"tablet":{"background-color":"","background-image":"","background-repeat":"repeat","background-position":"center center","background-size":"auto","background-attachment":"scroll","background-type":"","background-media":"","overlay-type":"","overlay-color":"","overlay-opacity":"","overlay-gradient":""},"mobile":{"background-color":"","background-image":"","background-repeat":"repeat","background-position":"center center","background-size":"auto","background-attachment":"scroll","background-type":"","background-media":"","overlay-type":"","overlay-color":"","overlay-opacity":"","overlay-gradient":""}},"ast-content-background-meta":{"desktop":{"background-color":"var(--ast-global-color-5)","background-image":"","background-repeat":"repeat","background-position":"center center","background-size":"auto","background-attachment":"scroll","background-type":"","background-media":"","overlay-type":"","overlay-color":"","overlay-opacity":"","overlay-gradient":""},"tablet":{"background-color":"var(--ast-global-color-5)","background-image":"","background-repeat":"repeat","background-position":"center center","background-size":"auto","background-attachment":"scroll","background-type":"","background-media":"","overlay-type":"","overlay-color":"","overlay-opacity":"","overlay-gradient":""},"mobile":{"background-color":"var(--ast-global-color-5)","background-image":"","background-repeat":"repeat","background-position":"center center","background-size":"auto","background-attachment":"scroll","background-type":"","background-media":"","overlay-type":"","overlay-color":"","overlay-opacity":"","overlay-gradient":""}},"footnotes":""},"class_list":["post-20","page","type-page","status-publish","hentry"],"yoast_head":"<!-- This site is optimized with the Yoast SEO plugin v27.6 - https:\/\/yoast.com\/product\/yoast-seo-wordpress\/ -->\n<title>IoT Sensors and IoT Solutions for smart city applications<\/title>\n<meta name=\"description\" content=\"Leading manufacturing &amp; development IoT company, operating with smart city solutions and dedicated to automated sensor management systems.\" \/>\n<meta name=\"robots\" content=\"index, follow, max-snippet:-1, max-image-preview:large, max-video-preview:-1\" \/>\n<link rel=\"canonical\" href=\"https:\/\/iotsensors.dk\/da\/\" \/>\n<meta property=\"og:locale\" content=\"da_DK\" \/>\n<meta property=\"og:type\" content=\"article\" \/>\n<meta property=\"og:title\" content=\"IoT Sensors and IoT Solutions for smart city applications\" \/>\n<meta property=\"og:description\" content=\"Leading manufacturing &amp; development IoT company, operating with smart city solutions and dedicated to automated sensor management systems.\" \/>\n<meta property=\"og:url\" content=\"https:\/\/iotsensors.dk\/da\/\" \/>\n<meta property=\"og:site_name\" content=\"IoT Sensors\" \/>\n<meta property=\"article:modified_time\" content=\"2020-10-09T13:11:21+00:00\" \/>\n<meta name=\"twitter:card\" content=\"summary_large_image\" \/>\n<script type=\"application\/ld+json\" class=\"yoast-schema-graph\">{\"@context\":\"https:\\\/\\\/schema.org\",\"@graph\":[{\"@type\":\"WebPage\",\"@id\":\"https:\\\/\\\/iotsensors.dk\\\/da\\\/\",\"url\":\"https:\\\/\\\/iotsensors.dk\\\/da\\\/\",\"name\":\"IoT Sensors and IoT Solutions for smart city applications\",\"isPartOf\":{\"@id\":\"https:\\\/\\\/iotsensors.dk\\\/da\\\/#website\"},\"datePublished\":\"2019-11-18T11:07:10+00:00\",\"dateModified\":\"2020-10-09T13:11:21+00:00\",\"description\":\"Leading manufacturing & development IoT company, operating with smart city solutions and dedicated to automated sensor management systems.\",\"breadcrumb\":{\"@id\":\"https:\\\/\\\/iotsensors.dk\\\/da\\\/#breadcrumb\"},\"inLanguage\":\"da-DK\",\"potentialAction\":[{\"@type\":\"ReadAction\",\"target\":[\"https:\\\/\\\/iotsensors.dk\\\/da\\\/\"]}]},{\"@type\":\"BreadcrumbList\",\"@id\":\"https:\\\/\\\/iotsensors.dk\\\/da\\\/#breadcrumb\",\"itemListElement\":[{\"@type\":\"ListItem\",\"position\":1,\"name\":\"Home\",\"item\":\"https:\\\/\\\/iotsensors.dk\\\/da\\\/\"},{\"@type\":\"ListItem\",\"position\":2,\"name\":\"home\"}]},{\"@type\":\"WebSite\",\"@id\":\"https:\\\/\\\/iotsensors.dk\\\/da\\\/#website\",\"url\":\"https:\\\/\\\/iotsensors.dk\\\/da\\\/\",\"name\":\"IoT Sensors\",\"description\":\"When we develop Smart City solutions, it is not only  to be \u201csmart\u201d\",\"publisher\":{\"@id\":\"https:\\\/\\\/iotsensors.dk\\\/da\\\/#organization\"},\"potentialAction\":[{\"@type\":\"SearchAction\",\"target\":{\"@type\":\"EntryPoint\",\"urlTemplate\":\"https:\\\/\\\/iotsensors.dk\\\/da\\\/?s={search_term_string}\"},\"query-input\":{\"@type\":\"PropertyValueSpecification\",\"valueRequired\":true,\"valueName\":\"search_term_string\"}}],\"inLanguage\":\"da-DK\"},{\"@type\":\"Organization\",\"@id\":\"https:\\\/\\\/iotsensors.dk\\\/da\\\/#organization\",\"name\":\"IoT Sensors ApS\",\"url\":\"https:\\\/\\\/iotsensors.dk\\\/da\\\/\",\"logo\":{\"@type\":\"ImageObject\",\"inLanguage\":\"da-DK\",\"@id\":\"https:\\\/\\\/iotsensors.dk\\\/da\\\/#\\\/schema\\\/logo\\\/image\\\/\",\"url\":\"https:\\\/\\\/iotsensors.dk\\\/wp-content\\\/uploads\\\/2020\\\/09\\\/IOT-sensors-logo.png\",\"contentUrl\":\"https:\\\/\\\/iotsensors.dk\\\/wp-content\\\/uploads\\\/2020\\\/09\\\/IOT-sensors-logo.png\",\"width\":325,\"height\":71,\"caption\":\"IoT Sensors ApS\"},\"image\":{\"@id\":\"https:\\\/\\\/iotsensors.dk\\\/da\\\/#\\\/schema\\\/logo\\\/image\\\/\"}}]}<\/script>\n<!-- \/ Yoast SEO plugin. -->","yoast_head_json":{"title":"IoT Sensors og IoT ydelser til smart city l\u00f8sninger","description":"F\u00f8rende dansk IoT udviklingsvirksomhed med produktion af IoT sensorer til Smart City l\u00f8sninger.","robots":{"index":"index","follow":"follow","max-snippet":"max-snippet:-1","max-image-preview":"max-image-preview:large","max-video-preview":"max-video-preview:-1"},"canonical":"https:\/\/iotsensors.dk\/da\/","og_locale":"da_DK","og_type":"article","og_title":"IoT Sensors and IoT Solutions for smart city applications","og_description":"Leading manufacturing & development IoT company, operating with smart city solutions and dedicated to automated sensor management systems.","og_url":"https:\/\/iotsensors.dk\/da\/","og_site_name":"IoT Sensors","article_modified_time":"2020-10-09T13:11:21+00:00","twitter_card":"summary_large_image","schema":{"@context":"https:\/\/schema.org","@graph":[{"@type":"WebPage","@id":"https:\/\/iotsensors.dk\/da\/","url":"https:\/\/iotsensors.dk\/da\/","name":"IoT Sensors og IoT ydelser til smart city l\u00f8sninger","isPartOf":{"@id":"https:\/\/iotsensors.dk\/da\/#website"},"datePublished":"2019-11-18T11:07:10+00:00","dateModified":"2020-10-09T13:11:21+00:00","description":"F\u00f8rende dansk IoT udviklingsvirksomhed med produktion af IoT sensorer til Smart City l\u00f8sninger.","breadcrumb":{"@id":"https:\/\/iotsensors.dk\/da\/#breadcrumb"},"inLanguage":"da-DK","potentialAction":[{"@type":"ReadAction","target":["https:\/\/iotsensors.dk\/da\/"]}]},{"@type":"BreadcrumbList","@id":"https:\/\/iotsensors.dk\/da\/#breadcrumb","itemListElement":[{"@type":"ListItem","position":1,"name":"Home","item":"https:\/\/iotsensors.dk\/da\/"},{"@type":"ListItem","position":2,"name":"home"}]},{"@type":"WebSite","@id":"https:\/\/iotsensors.dk\/da\/#website","url":"https:\/\/iotsensors.dk\/da\/","name":"IoT Sensors","description":"When we develop Smart City solutions, it is not only  to be \u201csmart\u201d","publisher":{"@id":"https:\/\/iotsensors.dk\/da\/#organization"},"potentialAction":[{"@type":"SearchAction","target":{"@type":"EntryPoint","urlTemplate":"https:\/\/iotsensors.dk\/da\/?s={search_term_string}"},"query-input":{"@type":"PropertyValueSpecification","valueRequired":true,"valueName":"search_term_string"}}],"inLanguage":"da-DK"},{"@type":"Organization","@id":"https:\/\/iotsensors.dk\/da\/#organization","name":"IoT Sensors ApS","url":"https:\/\/iotsensors.dk\/da\/","logo":{"@type":"ImageObject","inLanguage":"da-DK","@id":"https:\/\/iotsensors.dk\/da\/#\/schema\/logo\/image\/","url":"https:\/\/iotsensors.dk\/wp-content\/uploads\/2020\/09\/IOT-sensors-logo.png","contentUrl":"https:\/\/iotsensors.dk\/wp-content\/uploads\/2020\/09\/IOT-sensors-logo.png","width":325,"height":71,"caption":"IoT Sensors ApS"},"image":{"@id":"https:\/\/iotsensors.dk\/da\/#\/schema\/logo\/image\/"}}]}},"_links":{"self":[{"href":"https:\/\/iotsensors.dk\/da\/wp-json\/wp\/v2\/pages\/20","targetHints":{"allow":["GET"]}}],"collection":[{"href":"https:\/\/iotsensors.dk\/da\/wp-json\/wp\/v2\/pages"}],"about":[{"href":"https:\/\/iotsensors.dk\/da\/wp-json\/wp\/v2\/types\/page"}],"author":[{"embeddable":true,"href":"https:\/\/iotsensors.dk\/da\/wp-json\/wp\/v2\/users\/1"}],"replies":[{"embeddable":true,"href":"https:\/\/iotsensors.dk\/da\/wp-json\/wp\/v2\/comments?post=20"}],"version-history":[{"count":103,"href":"https:\/\/iotsensors.dk\/da\/wp-json\/wp\/v2\/pages\/20\/revisions"}],"predecessor-version":[{"id":902,"href":"https:\/\/iotsensors.dk\/da\/wp-json\/wp\/v2\/pages\/20\/revisions\/902"}],"wp:attachment":[{"href":"https:\/\/iotsensors.dk\/da\/wp-json\/wp\/v2\/media?parent=20"}],"curies":[{"name":"wp","href":"https:\/\/api.w.org\/{rel}","templated":true}]}}